{"id":848,"date":"2019-09-30T14:18:20","date_gmt":"2019-09-30T14:18:20","guid":{"rendered":"https:\/\/gwbdriveshaft.com\/product\/tripode\/"},"modified":"2020-07-21T13:04:27","modified_gmt":"2020-07-21T13:04:27","slug":"tripode","status":"publish","type":"product","link":"https:\/\/gwbdriveshaft.com\/de\/product\/tripode\/","title":{"rendered":"Tripod"},"content":{"rendered":"\n<h3 class=\"wp-block-heading\">Anwendungsgebiet<\/h3>\n\n\n\n<p>Highspeed-Schienenanwendung<\/p>\n\n\n\n<h3 class=\"wp-block-heading\">Allgemeine Merkmale<\/h3>\n\n\n\n<p>Rollengef\u00fchrter L\u00e4ngenausgleich f\u00fchrt zu geringen Axialkr\u00e4ften<\/p>\n\n\n\n<p>Hohe Verschlei\u00dfleistung des L\u00e4ngenausgleichs sorgt f\u00fcr hohe Verf\u00fcgbarkeit und geringes Spiel<\/p>\n\n\n\n<p>Integrierte Mehrfachausl\u00f6sesicherheitskupplung als \u00dcberlastschutz, die den Antriebsstrang vor Sch\u00e4den durch Drehmoment\u00fcberlastung sch\u00fctzt<\/p>\n\n\n\n<p>Der t\u00e4gliche Einsatz des Zuges kann mit gel\u00f6ster Kupplung bei maximaler Geschwindigkeit beendet werden<\/p>\n\n\n\n<p>Optimiert in Gewicht und dynamischem Drehmoment<\/p>\n\n\n\n<p>Fernschmiersystem an den Gelenken gew\u00e4hrleistet einfachen Zugang zu den Gelenkschmierstellen<\/p>\n\n\n\n<p>Verbesserte Dichtleistung des Schmiernippels verhindert Fettverlust w\u00e4hrend der Rotation<\/p>\n\n\n\n<p>Arbeitswinkel bis zu 8 \u00b0<\/p>\n\n\n\n<p>Getestet und zugelassen bis 2550 U \/ min<\/p>\n\n\n\n<p>Entwurf von unabh\u00e4ngiger Stelle genehmigt<\/p>\n\n\n<p><!--EndFragment--><\/p>\n\n\n<p><\/p>\n\n\n\n<p>Reduzierte vorbeugende Wartungskosten (Austauschintervall f\u00fcr Hauptkomponenten von 2,1 auf 4,2 Mio. km verschoben)<\/p>\n\n\n\n<p>Erh\u00f6hte Zuverl\u00e4ssigkeit und Haltbarkeit<\/p>\n\n\n\n<p>Einfachere und kosteng\u00fcnstigere Wartungsarbeiten<\/p>\n\n\n\n<p>Kein Bruch von Kardanwellenbauteilen bei Drehmoment\u00fcberlastung<\/p>\n\n\n\n<p>Der Stativschaft kann 10-mal nach dem L\u00f6sen der Drehmoment\u00fcberlastung wiederverwendet werden<\/p>\n","protected":false},"author":2,"featured_media":835,"template":"","products_family":[20],"class_list":["post-848","product","type-product","status-publish","has-post-thumbnail","hentry","products_family-customized-solution-de"],"acf":[],"yoast_head":"<!-- This site is optimized with the Yoast SEO plugin v26.6 - https:\/\/yoast.com\/wordpress\/plugins\/seo\/ -->\n<title>Tripod | GWB Drive Shaft<\/title>\n<meta name=\"description\" content=\"Integrierte Mehrfachausl\u00f6sesicherheitskupplung als \u00dcberlastschutz, die den Antriebsstrang vor Sch\u00e4den durch Drehmoment\u00fcberlastung sch\u00fctzt\" \/>\n<meta name=\"robots\" content=\"index, follow, max-snippet:-1, max-image-preview:large, max-video-preview:-1\" \/>\n<link rel=\"canonical\" href=\"https:\/\/gwbdriveshaft.com\/de\/product\/tripode\/\" \/>\n<meta property=\"og:locale\" content=\"de_DE\" \/>\n<meta property=\"og:type\" content=\"article\" \/>\n<meta property=\"og:title\" content=\"Tripod | GWB Drive Shaft\" \/>\n<meta property=\"og:description\" content=\"Integrierte Mehrfachausl\u00f6sesicherheitskupplung als \u00dcberlastschutz, die den Antriebsstrang vor Sch\u00e4den durch Drehmoment\u00fcberlastung sch\u00fctzt\" \/>\n<meta property=\"og:url\" content=\"https:\/\/gwbdriveshaft.com\/de\/product\/tripode\/\" \/>\n<meta property=\"og:site_name\" content=\"GWB\" \/>\n<meta property=\"article:modified_time\" content=\"2020-07-21T13:04:27+00:00\" \/>\n<meta property=\"og:image\" content=\"https:\/\/gwbdriveshaft.com\/wp-content\/uploads\/2019\/09\/Tripode.jpg\" \/>\n\t<meta property=\"og:image:width\" content=\"600\" \/>\n\t<meta property=\"og:image:height\" content=\"600\" \/>\n\t<meta property=\"og:image:type\" content=\"image\/jpeg\" \/>\n<meta name=\"twitter:card\" content=\"summary_large_image\" \/>\n<meta name=\"twitter:label1\" content=\"Gesch\u00e4tzte Lesezeit\" \/>\n\t<meta name=\"twitter:data1\" content=\"1\u00a0Minute\" \/>\n<script type=\"application\/ld+json\" class=\"yoast-schema-graph\">{\"@context\":\"https:\/\/schema.org\",\"@graph\":[{\"@type\":\"WebPage\",\"@id\":\"https:\/\/gwbdriveshaft.com\/de\/product\/tripode\/\",\"url\":\"https:\/\/gwbdriveshaft.com\/de\/product\/tripode\/\",\"name\":\"Tripod | GWB Drive Shaft\",\"isPartOf\":{\"@id\":\"https:\/\/gwbdriveshaft.com\/#website\"},\"primaryImageOfPage\":{\"@id\":\"https:\/\/gwbdriveshaft.com\/de\/product\/tripode\/#primaryimage\"},\"image\":{\"@id\":\"https:\/\/gwbdriveshaft.com\/de\/product\/tripode\/#primaryimage\"},\"thumbnailUrl\":\"https:\/\/gwbdriveshaft.com\/wp-content\/uploads\/2019\/09\/Tripode.jpg\",\"datePublished\":\"2019-09-30T14:18:20+00:00\",\"dateModified\":\"2020-07-21T13:04:27+00:00\",\"description\":\"Integrierte Mehrfachausl\u00f6sesicherheitskupplung als \u00dcberlastschutz, die den Antriebsstrang vor Sch\u00e4den durch Drehmoment\u00fcberlastung sch\u00fctzt\",\"breadcrumb\":{\"@id\":\"https:\/\/gwbdriveshaft.com\/de\/product\/tripode\/#breadcrumb\"},\"inLanguage\":\"de\",\"potentialAction\":[{\"@type\":\"ReadAction\",\"target\":[\"https:\/\/gwbdriveshaft.com\/de\/product\/tripode\/\"]}]},{\"@type\":\"ImageObject\",\"inLanguage\":\"de\",\"@id\":\"https:\/\/gwbdriveshaft.com\/de\/product\/tripode\/#primaryimage\",\"url\":\"https:\/\/gwbdriveshaft.com\/wp-content\/uploads\/2019\/09\/Tripode.jpg\",\"contentUrl\":\"https:\/\/gwbdriveshaft.com\/wp-content\/uploads\/2019\/09\/Tripode.jpg\",\"width\":600,\"height\":600},{\"@type\":\"BreadcrumbList\",\"@id\":\"https:\/\/gwbdriveshaft.com\/de\/product\/tripode\/#breadcrumb\",\"itemListElement\":[{\"@type\":\"ListItem\",\"position\":1,\"name\":\"Home\",\"item\":\"https:\/\/gwbdriveshaft.com\/de\/\"},{\"@type\":\"ListItem\",\"position\":2,\"name\":\"Tripod\"}]},{\"@type\":\"WebSite\",\"@id\":\"https:\/\/gwbdriveshaft.com\/#website\",\"url\":\"https:\/\/gwbdriveshaft.com\/\",\"name\":\"GWB\",\"description\":\"\",\"potentialAction\":[{\"@type\":\"SearchAction\",\"target\":{\"@type\":\"EntryPoint\",\"urlTemplate\":\"https:\/\/gwbdriveshaft.com\/?s={search_term_string}\"},\"query-input\":{\"@type\":\"PropertyValueSpecification\",\"valueRequired\":true,\"valueName\":\"search_term_string\"}}],\"inLanguage\":\"de\"}]}<\/script>\n<!-- \/ Yoast SEO plugin. -->","yoast_head_json":{"title":"Tripod | GWB Drive Shaft","description":"Integrierte Mehrfachausl\u00f6sesicherheitskupplung als \u00dcberlastschutz, die den Antriebsstrang vor Sch\u00e4den durch Drehmoment\u00fcberlastung sch\u00fctzt","robots":{"index":"index","follow":"follow","max-snippet":"max-snippet:-1","max-image-preview":"max-image-preview:large","max-video-preview":"max-video-preview:-1"},"canonical":"https:\/\/gwbdriveshaft.com\/de\/product\/tripode\/","og_locale":"de_DE","og_type":"article","og_title":"Tripod | GWB Drive Shaft","og_description":"Integrierte Mehrfachausl\u00f6sesicherheitskupplung als \u00dcberlastschutz, die den Antriebsstrang vor Sch\u00e4den durch Drehmoment\u00fcberlastung sch\u00fctzt","og_url":"https:\/\/gwbdriveshaft.com\/de\/product\/tripode\/","og_site_name":"GWB","article_modified_time":"2020-07-21T13:04:27+00:00","og_image":[{"width":600,"height":600,"url":"https:\/\/gwbdriveshaft.com\/wp-content\/uploads\/2019\/09\/Tripode.jpg","type":"image\/jpeg"}],"twitter_card":"summary_large_image","twitter_misc":{"Gesch\u00e4tzte Lesezeit":"1\u00a0Minute"},"schema":{"@context":"https:\/\/schema.org","@graph":[{"@type":"WebPage","@id":"https:\/\/gwbdriveshaft.com\/de\/product\/tripode\/","url":"https:\/\/gwbdriveshaft.com\/de\/product\/tripode\/","name":"Tripod | GWB Drive Shaft","isPartOf":{"@id":"https:\/\/gwbdriveshaft.com\/#website"},"primaryImageOfPage":{"@id":"https:\/\/gwbdriveshaft.com\/de\/product\/tripode\/#primaryimage"},"image":{"@id":"https:\/\/gwbdriveshaft.com\/de\/product\/tripode\/#primaryimage"},"thumbnailUrl":"https:\/\/gwbdriveshaft.com\/wp-content\/uploads\/2019\/09\/Tripode.jpg","datePublished":"2019-09-30T14:18:20+00:00","dateModified":"2020-07-21T13:04:27+00:00","description":"Integrierte Mehrfachausl\u00f6sesicherheitskupplung als \u00dcberlastschutz, die den Antriebsstrang vor Sch\u00e4den durch Drehmoment\u00fcberlastung sch\u00fctzt","breadcrumb":{"@id":"https:\/\/gwbdriveshaft.com\/de\/product\/tripode\/#breadcrumb"},"inLanguage":"de","potentialAction":[{"@type":"ReadAction","target":["https:\/\/gwbdriveshaft.com\/de\/product\/tripode\/"]}]},{"@type":"ImageObject","inLanguage":"de","@id":"https:\/\/gwbdriveshaft.com\/de\/product\/tripode\/#primaryimage","url":"https:\/\/gwbdriveshaft.com\/wp-content\/uploads\/2019\/09\/Tripode.jpg","contentUrl":"https:\/\/gwbdriveshaft.com\/wp-content\/uploads\/2019\/09\/Tripode.jpg","width":600,"height":600},{"@type":"BreadcrumbList","@id":"https:\/\/gwbdriveshaft.com\/de\/product\/tripode\/#breadcrumb","itemListElement":[{"@type":"ListItem","position":1,"name":"Home","item":"https:\/\/gwbdriveshaft.com\/de\/"},{"@type":"ListItem","position":2,"name":"Tripod"}]},{"@type":"WebSite","@id":"https:\/\/gwbdriveshaft.com\/#website","url":"https:\/\/gwbdriveshaft.com\/","name":"GWB","description":"","potentialAction":[{"@type":"SearchAction","target":{"@type":"EntryPoint","urlTemplate":"https:\/\/gwbdriveshaft.com\/?s={search_term_string}"},"query-input":{"@type":"PropertyValueSpecification","valueRequired":true,"valueName":"search_term_string"}}],"inLanguage":"de"}]}},"_links":{"self":[{"href":"https:\/\/gwbdriveshaft.com\/de\/wp-json\/wp\/v2\/product\/848","targetHints":{"allow":["GET"]}}],"collection":[{"href":"https:\/\/gwbdriveshaft.com\/de\/wp-json\/wp\/v2\/product"}],"about":[{"href":"https:\/\/gwbdriveshaft.com\/de\/wp-json\/wp\/v2\/types\/product"}],"author":[{"embeddable":true,"href":"https:\/\/gwbdriveshaft.com\/de\/wp-json\/wp\/v2\/users\/2"}],"wp:featuredmedia":[{"embeddable":true,"href":"https:\/\/gwbdriveshaft.com\/de\/wp-json\/wp\/v2\/media\/835"}],"wp:attachment":[{"href":"https:\/\/gwbdriveshaft.com\/de\/wp-json\/wp\/v2\/media?parent=848"}],"wp:term":[{"taxonomy":"products_family","embeddable":true,"href":"https:\/\/gwbdriveshaft.com\/de\/wp-json\/wp\/v2\/products_family?post=848"}],"curies":[{"name":"wp","href":"https:\/\/api.w.org\/{rel}","templated":true}]}}