{"id":831,"date":"2019-10-01T06:24:58","date_gmt":"2019-10-01T06:24:58","guid":{"rendered":"https:\/\/gwbdriveshaft.com\/?post_type=product&#038;p=831"},"modified":"2020-07-22T10:17:06","modified_gmt":"2020-07-22T10:17:06","slug":"baureihe-598","status":"publish","type":"product","link":"https:\/\/gwbdriveshaft.com\/de\/product\/baureihe-598\/","title":{"rendered":"Baureihe 598"},"content":{"rendered":"\n<h3 class=\"wp-block-heading\"><strong>Anwendungen<\/strong><\/h3>\n\n\n\n<pre class=\"wp-block-preformatted\">-Hauptantriebe in Walzwerken\n-Brecherantriebe, Shredder<\/pre>\n\n\n\n<h3 class=\"wp-block-heading\"><strong>Hauptmerkmale<\/strong><\/h3>\n\n\n<p><!--StartFragment--><\/p>\n\n\n<p> 20-40% h\u00f6here Drehmomentkapazit\u00e4t, geschmiedete Flanschmitnehmer mit optimierter Geometrie und Fertigungsprozessen<\/p>\n\n\n\n<p> Bis zu 60% h\u00f6here Lagerlebensdauer im Vergleich zur Baureihe 498<\/p>\n\n\n\n<p>Ma\u00dfgeschneiderte L\u00f6sung mit 3 Optionen: maximale drehmomentkapazit\u00e4t, h\u00f6chste Lagerlebensdauer oder Standardkonstruktion unter Ber\u00fccksichtigung beider Anforderungen<\/p>\n\n\n\n<p>Geteiltes Lagerauge sichert einfache Wartung und Service sowie geringe Stillstandzeiten<\/p>\n\n\n\n<p> Standardflanschverbindung mit Hirthverzahnung, Sonderl\u00f6sungen auf Anfrage <\/p>\n\n\n\n<p>Beugewinkel im Betrieb 10\u00b0<\/p>\n\n\n\n<hr class=\"wp-block-separator\"\/>\n\n\n\n<h3 class=\"wp-block-heading\"><strong>Allgemeine technische Daten<\/strong><\/h3>\n\n\n\n<table class=\"wp-block-table is-style-stripes\"><tbody><tr><td>Drehmoment TCS<\/td><td>von 2117 bis 17000 kNm<\/td><\/tr><tr><td> Flanschdurchmesser<\/td><td>von 600 bis 1200 mm<\/td><\/tr><tr><td>Rotationsdurchmesser<\/td><td>von 600 bis 1200 mm<\/td><\/tr><tr><td> <\/td><td><\/td><\/tr><tr><td><\/td><td><\/td><\/tr><\/tbody><\/table>\n\n\n\n<p><\/p>\n","protected":false},"author":2,"featured_media":1009,"template":"","products_family":[13],"class_list":["post-831","product","type-product","status-publish","has-post-thumbnail","hentry","products_family-das-geteilte-lagerauge"],"acf":[],"yoast_head":"<!-- This site is optimized with the Yoast SEO plugin v26.6 - https:\/\/yoast.com\/wordpress\/plugins\/seo\/ -->\n<title>Baureihe 598 | GWB Drive Shaft<\/title>\n<meta name=\"description\" content=\"20-40% h\u00f6here Drehmomentkapazit\u00e4t, geschmiedete Flanschmitnehmer mit optimierter Geometrie und Fertigungsprozessen. Bis zu 60% h\u00f6here Lagerlebensdauer\" \/>\n<meta name=\"robots\" content=\"index, follow, max-snippet:-1, max-image-preview:large, max-video-preview:-1\" \/>\n<link rel=\"canonical\" href=\"https:\/\/gwbdriveshaft.com\/de\/product\/baureihe-598\/\" \/>\n<meta property=\"og:locale\" content=\"de_DE\" \/>\n<meta property=\"og:type\" content=\"article\" \/>\n<meta property=\"og:title\" content=\"Baureihe 598 | GWB Drive Shaft\" \/>\n<meta property=\"og:description\" content=\"20-40% h\u00f6here Drehmomentkapazit\u00e4t, geschmiedete Flanschmitnehmer mit optimierter Geometrie und Fertigungsprozessen. Bis zu 60% h\u00f6here Lagerlebensdauer\" \/>\n<meta property=\"og:url\" content=\"https:\/\/gwbdriveshaft.com\/de\/product\/baureihe-598\/\" \/>\n<meta property=\"og:site_name\" content=\"GWB\" \/>\n<meta property=\"article:modified_time\" content=\"2020-07-22T10:17:06+00:00\" \/>\n<meta property=\"og:image\" content=\"https:\/\/gwbdriveshaft.com\/wp-content\/uploads\/2019\/09\/Split-bearing-eye_598.png\" \/>\n\t<meta property=\"og:image:width\" content=\"600\" \/>\n\t<meta property=\"og:image:height\" content=\"600\" \/>\n\t<meta property=\"og:image:type\" content=\"image\/png\" \/>\n<meta name=\"twitter:card\" content=\"summary_large_image\" \/>\n<script type=\"application\/ld+json\" class=\"yoast-schema-graph\">{\"@context\":\"https:\/\/schema.org\",\"@graph\":[{\"@type\":\"WebPage\",\"@id\":\"https:\/\/gwbdriveshaft.com\/de\/product\/baureihe-598\/\",\"url\":\"https:\/\/gwbdriveshaft.com\/de\/product\/baureihe-598\/\",\"name\":\"Baureihe 598 | GWB Drive Shaft\",\"isPartOf\":{\"@id\":\"https:\/\/gwbdriveshaft.com\/#website\"},\"primaryImageOfPage\":{\"@id\":\"https:\/\/gwbdriveshaft.com\/de\/product\/baureihe-598\/#primaryimage\"},\"image\":{\"@id\":\"https:\/\/gwbdriveshaft.com\/de\/product\/baureihe-598\/#primaryimage\"},\"thumbnailUrl\":\"https:\/\/gwbdriveshaft.com\/wp-content\/uploads\/2019\/09\/Split-bearing-eye_598.png\",\"datePublished\":\"2019-10-01T06:24:58+00:00\",\"dateModified\":\"2020-07-22T10:17:06+00:00\",\"description\":\"20-40% h\u00f6here Drehmomentkapazit\u00e4t, geschmiedete Flanschmitnehmer mit optimierter Geometrie und Fertigungsprozessen. Bis zu 60% h\u00f6here Lagerlebensdauer\",\"breadcrumb\":{\"@id\":\"https:\/\/gwbdriveshaft.com\/de\/product\/baureihe-598\/#breadcrumb\"},\"inLanguage\":\"de\",\"potentialAction\":[{\"@type\":\"ReadAction\",\"target\":[\"https:\/\/gwbdriveshaft.com\/de\/product\/baureihe-598\/\"]}]},{\"@type\":\"ImageObject\",\"inLanguage\":\"de\",\"@id\":\"https:\/\/gwbdriveshaft.com\/de\/product\/baureihe-598\/#primaryimage\",\"url\":\"https:\/\/gwbdriveshaft.com\/wp-content\/uploads\/2019\/09\/Split-bearing-eye_598.png\",\"contentUrl\":\"https:\/\/gwbdriveshaft.com\/wp-content\/uploads\/2019\/09\/Split-bearing-eye_598.png\",\"width\":600,\"height\":600},{\"@type\":\"BreadcrumbList\",\"@id\":\"https:\/\/gwbdriveshaft.com\/de\/product\/baureihe-598\/#breadcrumb\",\"itemListElement\":[{\"@type\":\"ListItem\",\"position\":1,\"name\":\"Home\",\"item\":\"https:\/\/gwbdriveshaft.com\/de\/\"},{\"@type\":\"ListItem\",\"position\":2,\"name\":\"Baureihe 598\"}]},{\"@type\":\"WebSite\",\"@id\":\"https:\/\/gwbdriveshaft.com\/#website\",\"url\":\"https:\/\/gwbdriveshaft.com\/\",\"name\":\"GWB\",\"description\":\"\",\"potentialAction\":[{\"@type\":\"SearchAction\",\"target\":{\"@type\":\"EntryPoint\",\"urlTemplate\":\"https:\/\/gwbdriveshaft.com\/?s={search_term_string}\"},\"query-input\":{\"@type\":\"PropertyValueSpecification\",\"valueRequired\":true,\"valueName\":\"search_term_string\"}}],\"inLanguage\":\"de\"}]}<\/script>\n<!-- \/ Yoast SEO plugin. -->","yoast_head_json":{"title":"Baureihe 598 | GWB Drive Shaft","description":"20-40% h\u00f6here Drehmomentkapazit\u00e4t, geschmiedete Flanschmitnehmer mit optimierter Geometrie und Fertigungsprozessen. Bis zu 60% h\u00f6here Lagerlebensdauer","robots":{"index":"index","follow":"follow","max-snippet":"max-snippet:-1","max-image-preview":"max-image-preview:large","max-video-preview":"max-video-preview:-1"},"canonical":"https:\/\/gwbdriveshaft.com\/de\/product\/baureihe-598\/","og_locale":"de_DE","og_type":"article","og_title":"Baureihe 598 | GWB Drive Shaft","og_description":"20-40% h\u00f6here Drehmomentkapazit\u00e4t, geschmiedete Flanschmitnehmer mit optimierter Geometrie und Fertigungsprozessen. Bis zu 60% h\u00f6here Lagerlebensdauer","og_url":"https:\/\/gwbdriveshaft.com\/de\/product\/baureihe-598\/","og_site_name":"GWB","article_modified_time":"2020-07-22T10:17:06+00:00","og_image":[{"width":600,"height":600,"url":"https:\/\/gwbdriveshaft.com\/wp-content\/uploads\/2019\/09\/Split-bearing-eye_598.png","type":"image\/png"}],"twitter_card":"summary_large_image","schema":{"@context":"https:\/\/schema.org","@graph":[{"@type":"WebPage","@id":"https:\/\/gwbdriveshaft.com\/de\/product\/baureihe-598\/","url":"https:\/\/gwbdriveshaft.com\/de\/product\/baureihe-598\/","name":"Baureihe 598 | GWB Drive Shaft","isPartOf":{"@id":"https:\/\/gwbdriveshaft.com\/#website"},"primaryImageOfPage":{"@id":"https:\/\/gwbdriveshaft.com\/de\/product\/baureihe-598\/#primaryimage"},"image":{"@id":"https:\/\/gwbdriveshaft.com\/de\/product\/baureihe-598\/#primaryimage"},"thumbnailUrl":"https:\/\/gwbdriveshaft.com\/wp-content\/uploads\/2019\/09\/Split-bearing-eye_598.png","datePublished":"2019-10-01T06:24:58+00:00","dateModified":"2020-07-22T10:17:06+00:00","description":"20-40% h\u00f6here Drehmomentkapazit\u00e4t, geschmiedete Flanschmitnehmer mit optimierter Geometrie und Fertigungsprozessen. Bis zu 60% h\u00f6here Lagerlebensdauer","breadcrumb":{"@id":"https:\/\/gwbdriveshaft.com\/de\/product\/baureihe-598\/#breadcrumb"},"inLanguage":"de","potentialAction":[{"@type":"ReadAction","target":["https:\/\/gwbdriveshaft.com\/de\/product\/baureihe-598\/"]}]},{"@type":"ImageObject","inLanguage":"de","@id":"https:\/\/gwbdriveshaft.com\/de\/product\/baureihe-598\/#primaryimage","url":"https:\/\/gwbdriveshaft.com\/wp-content\/uploads\/2019\/09\/Split-bearing-eye_598.png","contentUrl":"https:\/\/gwbdriveshaft.com\/wp-content\/uploads\/2019\/09\/Split-bearing-eye_598.png","width":600,"height":600},{"@type":"BreadcrumbList","@id":"https:\/\/gwbdriveshaft.com\/de\/product\/baureihe-598\/#breadcrumb","itemListElement":[{"@type":"ListItem","position":1,"name":"Home","item":"https:\/\/gwbdriveshaft.com\/de\/"},{"@type":"ListItem","position":2,"name":"Baureihe 598"}]},{"@type":"WebSite","@id":"https:\/\/gwbdriveshaft.com\/#website","url":"https:\/\/gwbdriveshaft.com\/","name":"GWB","description":"","potentialAction":[{"@type":"SearchAction","target":{"@type":"EntryPoint","urlTemplate":"https:\/\/gwbdriveshaft.com\/?s={search_term_string}"},"query-input":{"@type":"PropertyValueSpecification","valueRequired":true,"valueName":"search_term_string"}}],"inLanguage":"de"}]}},"_links":{"self":[{"href":"https:\/\/gwbdriveshaft.com\/de\/wp-json\/wp\/v2\/product\/831","targetHints":{"allow":["GET"]}}],"collection":[{"href":"https:\/\/gwbdriveshaft.com\/de\/wp-json\/wp\/v2\/product"}],"about":[{"href":"https:\/\/gwbdriveshaft.com\/de\/wp-json\/wp\/v2\/types\/product"}],"author":[{"embeddable":true,"href":"https:\/\/gwbdriveshaft.com\/de\/wp-json\/wp\/v2\/users\/2"}],"wp:featuredmedia":[{"embeddable":true,"href":"https:\/\/gwbdriveshaft.com\/de\/wp-json\/wp\/v2\/media\/1009"}],"wp:attachment":[{"href":"https:\/\/gwbdriveshaft.com\/de\/wp-json\/wp\/v2\/media?parent=831"}],"wp:term":[{"taxonomy":"products_family","embeddable":true,"href":"https:\/\/gwbdriveshaft.com\/de\/wp-json\/wp\/v2\/products_family?post=831"}],"curies":[{"name":"wp","href":"https:\/\/api.w.org\/{rel}","templated":true}]}}