{"id":180,"date":"2019-07-11T13:49:59","date_gmt":"2019-07-11T13:49:59","guid":{"rendered":"https:\/\/gwbdriveshaft.com\/product\/498-split-bearing-eye\/"},"modified":"2020-07-21T13:02:52","modified_gmt":"2020-07-21T13:02:52","slug":"baureihe-498","status":"publish","type":"product","link":"https:\/\/gwbdriveshaft.com\/de\/product\/baureihe-498\/","title":{"rendered":"Baureihe 498"},"content":{"rendered":"\n<h3 class=\"wp-block-heading\"><strong>Anwendungsbereich<\/strong><\/h3>\n\n\n\n<ul class=\"wp-block-list\"><li> Walzwerkhauptantriebe<\/li><li>Anlagen des Schwermaschinenbaus <\/li><\/ul>\n\n\n\n<h3 class=\"wp-block-heading\"><strong>Haupteigenschaften<\/strong><\/h3>\n\n\n\n<ul class=\"wp-block-list\"><li> 3 Beugewinkel-Varianten mit h\u00f6chster Drehmoment-oder h\u00f6chster Lagerlebensdauer-Kapazit\u00e4t<\/li><li>Geteilte Lageraugen mit verzahntem Lagerdeckel<\/li><li>Standardflansch mit Hirth-Verzahnung<\/li><li>Beugungswinkel bis 15\u00b0 <\/li><\/ul>\n\n\n\n<p><br>Zu jeder Gelenkwellengr\u00f6\u00dfe geh\u00f6rt ein bestimmtes Lochbild (siehe Tabelle). Andere Lochbilder auf Anfrage.<\/p>\n\n\n\n<hr class=\"wp-block-separator\"\/>\n\n\n\n<h3 class=\"wp-block-heading\"><strong>Allgemeine Daten<\/strong><\/h3>\n\n\n\n<table class=\"wp-block-table is-style-stripes\"><tbody><tr><td>Drehmomentbereich TCS<\/td><td>Flanschdurchmesser<\/td><\/tr><tr><td>bis 15000 kNm<\/td><td>Von 600 mm bis 1200 mm<\/td><\/tr><\/tbody><\/table>\n\n\n\n<p><\/p>\n","protected":false},"author":1,"featured_media":1011,"template":"","products_family":[13],"class_list":["post-180","product","type-product","status-publish","has-post-thumbnail","hentry","products_family-das-geteilte-lagerauge"],"acf":[],"yoast_head":"<!-- This site is optimized with the Yoast SEO plugin v26.6 - https:\/\/yoast.com\/wordpress\/plugins\/seo\/ -->\n<title>Baureihe 498 | GWB Drive Shaft<\/title>\n<meta name=\"description\" content=\"Walzwerkhauptantriebe Anlagen des Schwermaschinenbaus.3 Beugewinkel-Varianten mit h\u00f6chster Drehmoment-oder h\u00f6chster Lagerlebensdauer-Kapazit\u00e4tGeteilte\" \/>\n<meta name=\"robots\" content=\"index, follow, max-snippet:-1, max-image-preview:large, max-video-preview:-1\" \/>\n<link rel=\"canonical\" href=\"https:\/\/gwbdriveshaft.com\/de\/product\/baureihe-498\/\" \/>\n<meta property=\"og:locale\" content=\"de_DE\" \/>\n<meta property=\"og:type\" content=\"article\" \/>\n<meta property=\"og:title\" content=\"Baureihe 498 | GWB Drive Shaft\" \/>\n<meta property=\"og:description\" content=\"Walzwerkhauptantriebe Anlagen des Schwermaschinenbaus.3 Beugewinkel-Varianten mit h\u00f6chster Drehmoment-oder h\u00f6chster Lagerlebensdauer-Kapazit\u00e4tGeteilte\" \/>\n<meta property=\"og:url\" content=\"https:\/\/gwbdriveshaft.com\/de\/product\/baureihe-498\/\" \/>\n<meta property=\"og:site_name\" content=\"GWB\" \/>\n<meta property=\"article:modified_time\" content=\"2020-07-21T13:02:52+00:00\" \/>\n<meta property=\"og:image\" content=\"https:\/\/gwbdriveshaft.com\/wp-content\/uploads\/2019\/07\/Split-bearing-eye_498.png\" \/>\n\t<meta property=\"og:image:width\" content=\"600\" \/>\n\t<meta property=\"og:image:height\" content=\"600\" \/>\n\t<meta property=\"og:image:type\" content=\"image\/png\" \/>\n<meta name=\"twitter:card\" content=\"summary_large_image\" \/>\n<script type=\"application\/ld+json\" class=\"yoast-schema-graph\">{\"@context\":\"https:\/\/schema.org\",\"@graph\":[{\"@type\":\"WebPage\",\"@id\":\"https:\/\/gwbdriveshaft.com\/de\/product\/baureihe-498\/\",\"url\":\"https:\/\/gwbdriveshaft.com\/de\/product\/baureihe-498\/\",\"name\":\"Baureihe 498 | GWB Drive Shaft\",\"isPartOf\":{\"@id\":\"https:\/\/gwbdriveshaft.com\/#website\"},\"primaryImageOfPage\":{\"@id\":\"https:\/\/gwbdriveshaft.com\/de\/product\/baureihe-498\/#primaryimage\"},\"image\":{\"@id\":\"https:\/\/gwbdriveshaft.com\/de\/product\/baureihe-498\/#primaryimage\"},\"thumbnailUrl\":\"https:\/\/gwbdriveshaft.com\/wp-content\/uploads\/2019\/07\/Split-bearing-eye_498.png\",\"datePublished\":\"2019-07-11T13:49:59+00:00\",\"dateModified\":\"2020-07-21T13:02:52+00:00\",\"description\":\"Walzwerkhauptantriebe Anlagen des Schwermaschinenbaus.3 Beugewinkel-Varianten mit h\u00f6chster Drehmoment-oder h\u00f6chster Lagerlebensdauer-Kapazit\u00e4tGeteilte\",\"breadcrumb\":{\"@id\":\"https:\/\/gwbdriveshaft.com\/de\/product\/baureihe-498\/#breadcrumb\"},\"inLanguage\":\"de\",\"potentialAction\":[{\"@type\":\"ReadAction\",\"target\":[\"https:\/\/gwbdriveshaft.com\/de\/product\/baureihe-498\/\"]}]},{\"@type\":\"ImageObject\",\"inLanguage\":\"de\",\"@id\":\"https:\/\/gwbdriveshaft.com\/de\/product\/baureihe-498\/#primaryimage\",\"url\":\"https:\/\/gwbdriveshaft.com\/wp-content\/uploads\/2019\/07\/Split-bearing-eye_498.png\",\"contentUrl\":\"https:\/\/gwbdriveshaft.com\/wp-content\/uploads\/2019\/07\/Split-bearing-eye_498.png\",\"width\":600,\"height\":600},{\"@type\":\"BreadcrumbList\",\"@id\":\"https:\/\/gwbdriveshaft.com\/de\/product\/baureihe-498\/#breadcrumb\",\"itemListElement\":[{\"@type\":\"ListItem\",\"position\":1,\"name\":\"Home\",\"item\":\"https:\/\/gwbdriveshaft.com\/de\/\"},{\"@type\":\"ListItem\",\"position\":2,\"name\":\"Baureihe 498\"}]},{\"@type\":\"WebSite\",\"@id\":\"https:\/\/gwbdriveshaft.com\/#website\",\"url\":\"https:\/\/gwbdriveshaft.com\/\",\"name\":\"GWB\",\"description\":\"\",\"potentialAction\":[{\"@type\":\"SearchAction\",\"target\":{\"@type\":\"EntryPoint\",\"urlTemplate\":\"https:\/\/gwbdriveshaft.com\/?s={search_term_string}\"},\"query-input\":{\"@type\":\"PropertyValueSpecification\",\"valueRequired\":true,\"valueName\":\"search_term_string\"}}],\"inLanguage\":\"de\"}]}<\/script>\n<!-- \/ Yoast SEO plugin. -->","yoast_head_json":{"title":"Baureihe 498 | GWB Drive Shaft","description":"Walzwerkhauptantriebe Anlagen des Schwermaschinenbaus.3 Beugewinkel-Varianten mit h\u00f6chster Drehmoment-oder h\u00f6chster Lagerlebensdauer-Kapazit\u00e4tGeteilte","robots":{"index":"index","follow":"follow","max-snippet":"max-snippet:-1","max-image-preview":"max-image-preview:large","max-video-preview":"max-video-preview:-1"},"canonical":"https:\/\/gwbdriveshaft.com\/de\/product\/baureihe-498\/","og_locale":"de_DE","og_type":"article","og_title":"Baureihe 498 | GWB Drive Shaft","og_description":"Walzwerkhauptantriebe Anlagen des Schwermaschinenbaus.3 Beugewinkel-Varianten mit h\u00f6chster Drehmoment-oder h\u00f6chster Lagerlebensdauer-Kapazit\u00e4tGeteilte","og_url":"https:\/\/gwbdriveshaft.com\/de\/product\/baureihe-498\/","og_site_name":"GWB","article_modified_time":"2020-07-21T13:02:52+00:00","og_image":[{"width":600,"height":600,"url":"https:\/\/gwbdriveshaft.com\/wp-content\/uploads\/2019\/07\/Split-bearing-eye_498.png","type":"image\/png"}],"twitter_card":"summary_large_image","schema":{"@context":"https:\/\/schema.org","@graph":[{"@type":"WebPage","@id":"https:\/\/gwbdriveshaft.com\/de\/product\/baureihe-498\/","url":"https:\/\/gwbdriveshaft.com\/de\/product\/baureihe-498\/","name":"Baureihe 498 | GWB Drive Shaft","isPartOf":{"@id":"https:\/\/gwbdriveshaft.com\/#website"},"primaryImageOfPage":{"@id":"https:\/\/gwbdriveshaft.com\/de\/product\/baureihe-498\/#primaryimage"},"image":{"@id":"https:\/\/gwbdriveshaft.com\/de\/product\/baureihe-498\/#primaryimage"},"thumbnailUrl":"https:\/\/gwbdriveshaft.com\/wp-content\/uploads\/2019\/07\/Split-bearing-eye_498.png","datePublished":"2019-07-11T13:49:59+00:00","dateModified":"2020-07-21T13:02:52+00:00","description":"Walzwerkhauptantriebe Anlagen des Schwermaschinenbaus.3 Beugewinkel-Varianten mit h\u00f6chster Drehmoment-oder h\u00f6chster Lagerlebensdauer-Kapazit\u00e4tGeteilte","breadcrumb":{"@id":"https:\/\/gwbdriveshaft.com\/de\/product\/baureihe-498\/#breadcrumb"},"inLanguage":"de","potentialAction":[{"@type":"ReadAction","target":["https:\/\/gwbdriveshaft.com\/de\/product\/baureihe-498\/"]}]},{"@type":"ImageObject","inLanguage":"de","@id":"https:\/\/gwbdriveshaft.com\/de\/product\/baureihe-498\/#primaryimage","url":"https:\/\/gwbdriveshaft.com\/wp-content\/uploads\/2019\/07\/Split-bearing-eye_498.png","contentUrl":"https:\/\/gwbdriveshaft.com\/wp-content\/uploads\/2019\/07\/Split-bearing-eye_498.png","width":600,"height":600},{"@type":"BreadcrumbList","@id":"https:\/\/gwbdriveshaft.com\/de\/product\/baureihe-498\/#breadcrumb","itemListElement":[{"@type":"ListItem","position":1,"name":"Home","item":"https:\/\/gwbdriveshaft.com\/de\/"},{"@type":"ListItem","position":2,"name":"Baureihe 498"}]},{"@type":"WebSite","@id":"https:\/\/gwbdriveshaft.com\/#website","url":"https:\/\/gwbdriveshaft.com\/","name":"GWB","description":"","potentialAction":[{"@type":"SearchAction","target":{"@type":"EntryPoint","urlTemplate":"https:\/\/gwbdriveshaft.com\/?s={search_term_string}"},"query-input":{"@type":"PropertyValueSpecification","valueRequired":true,"valueName":"search_term_string"}}],"inLanguage":"de"}]}},"_links":{"self":[{"href":"https:\/\/gwbdriveshaft.com\/de\/wp-json\/wp\/v2\/product\/180","targetHints":{"allow":["GET"]}}],"collection":[{"href":"https:\/\/gwbdriveshaft.com\/de\/wp-json\/wp\/v2\/product"}],"about":[{"href":"https:\/\/gwbdriveshaft.com\/de\/wp-json\/wp\/v2\/types\/product"}],"author":[{"embeddable":true,"href":"https:\/\/gwbdriveshaft.com\/de\/wp-json\/wp\/v2\/users\/1"}],"wp:featuredmedia":[{"embeddable":true,"href":"https:\/\/gwbdriveshaft.com\/de\/wp-json\/wp\/v2\/media\/1011"}],"wp:attachment":[{"href":"https:\/\/gwbdriveshaft.com\/de\/wp-json\/wp\/v2\/media?parent=180"}],"wp:term":[{"taxonomy":"products_family","embeddable":true,"href":"https:\/\/gwbdriveshaft.com\/de\/wp-json\/wp\/v2\/products_family?post=180"}],"curies":[{"name":"wp","href":"https:\/\/api.w.org\/{rel}","templated":true}]}}