{"id":175,"date":"2019-07-11T13:50:45","date_gmt":"2019-07-11T13:50:45","guid":{"rendered":"https:\/\/gwbdriveshaft.com\/product\/330-quick-release-coupling\/"},"modified":"2020-07-21T12:59:58","modified_gmt":"2020-07-21T12:59:58","slug":"schnelllosekupplungen","status":"publish","type":"product","link":"https:\/\/gwbdriveshaft.com\/de\/product\/schnelllosekupplungen\/","title":{"rendered":"Schnelll\u00f6sekupplungen"},"content":{"rendered":"\n<h2 class=\"wp-block-heading\">Baureihe 230 &#8211; 330<\/h2>\n\n\n\n<h3 class=\"wp-block-heading\"><strong>Bedienungsanleitung<\/strong><\/h3>\n\n\n\n<h3 class=\"wp-block-heading\"><strong>Schlie\u00dfen und \u00d6ffnen der Kupplung<\/strong><\/h3>\n\n\n\n<p>Das Schlie\u00dfen bzw. L\u00f6sen geschieht durch Bet\u00e4tigen der im Innenteil der Kupplung angeordneten Gewindespindel. Die Spindel kann von zwei Seiten erreicht und bet\u00e4tigt werden. Das Anziehen der Spindel erfolgt mittels Steckschl\u00fcssel (siehe Tabelle). <\/p>\n\n\n\n<h3 class=\"wp-block-heading\"><strong>Bemerkung:<\/strong><\/h3>\n\n\n\n<p>1. Vor dem Schlie\u00dfen sicherstellen, dass die Kupplungsverzahnung einwandfrei gef\u00fcgt ist.  <\/p>\n\n\n\n<p>2. Pfeile geben die Schlie\u00dfrichtung an. Der Spindelanzug kann einmal in Rechts- und einmal in Linksdrehung erfolgen. <\/p>\n\n\n\n<p>3.\nGelenk mit Kupplungsteil kippt beim Auseinanderfahren nach unten. Achtung:\nVerletzungsgefahr!  <\/p>\n\n\n\n<p>Bei nachtr\u00e4glichem Einbau der Schnelll\u00f6sekupplung ist die Gelenkwelle entsprechend zu k\u00fcrzen. Die Gewindespindeln der Kupplungen werden vom Werk aus mit MoS2-Fett geschmiert. Wir empfehlen von Zeit zu Zeit eine Nachschmierung.  <\/p>\n","protected":false},"author":1,"featured_media":591,"template":"","products_family":[],"class_list":["post-175","product","type-product","status-publish","has-post-thumbnail","hentry"],"acf":[],"yoast_head":"<!-- This site is optimized with the Yoast SEO plugin v26.6 - https:\/\/yoast.com\/wordpress\/plugins\/seo\/ -->\n<title>Schnelll\u00f6sekupplungen | GWB Drive Shaft<\/title>\n<meta name=\"description\" content=\"Schnelll\u00f6sekupplungen - Das Schlie\u00dfen bzw. L\u00f6sen geschieht durch Bet\u00e4tigen der im Innenteil der Kupplung angeordneten Gewindespindel.\" \/>\n<meta name=\"robots\" content=\"index, follow, max-snippet:-1, max-image-preview:large, max-video-preview:-1\" \/>\n<link rel=\"canonical\" href=\"https:\/\/gwbdriveshaft.com\/de\/product\/schnelllosekupplungen\/\" \/>\n<meta property=\"og:locale\" content=\"de_DE\" \/>\n<meta property=\"og:type\" content=\"article\" \/>\n<meta property=\"og:title\" content=\"Schnelll\u00f6sekupplungen | GWB Drive Shaft\" \/>\n<meta property=\"og:description\" content=\"Schnelll\u00f6sekupplungen - Das Schlie\u00dfen bzw. L\u00f6sen geschieht durch Bet\u00e4tigen der im Innenteil der Kupplung angeordneten Gewindespindel.\" \/>\n<meta property=\"og:url\" content=\"https:\/\/gwbdriveshaft.com\/de\/product\/schnelllosekupplungen\/\" \/>\n<meta property=\"og:site_name\" content=\"GWB\" \/>\n<meta property=\"article:modified_time\" content=\"2020-07-21T12:59:58+00:00\" \/>\n<meta property=\"og:image\" content=\"https:\/\/gwbdriveshaft.com\/wp-content\/uploads\/2019\/07\/230-1.png\" \/>\n\t<meta property=\"og:image:width\" content=\"600\" \/>\n\t<meta property=\"og:image:height\" content=\"600\" \/>\n\t<meta property=\"og:image:type\" content=\"image\/png\" \/>\n<meta name=\"twitter:card\" content=\"summary_large_image\" \/>\n<meta name=\"twitter:label1\" content=\"Gesch\u00e4tzte Lesezeit\" \/>\n\t<meta name=\"twitter:data1\" content=\"1\u00a0Minute\" \/>\n<script type=\"application\/ld+json\" class=\"yoast-schema-graph\">{\"@context\":\"https:\/\/schema.org\",\"@graph\":[{\"@type\":\"WebPage\",\"@id\":\"https:\/\/gwbdriveshaft.com\/de\/product\/schnelllosekupplungen\/\",\"url\":\"https:\/\/gwbdriveshaft.com\/de\/product\/schnelllosekupplungen\/\",\"name\":\"Schnelll\u00f6sekupplungen | GWB Drive Shaft\",\"isPartOf\":{\"@id\":\"https:\/\/gwbdriveshaft.com\/#website\"},\"primaryImageOfPage\":{\"@id\":\"https:\/\/gwbdriveshaft.com\/de\/product\/schnelllosekupplungen\/#primaryimage\"},\"image\":{\"@id\":\"https:\/\/gwbdriveshaft.com\/de\/product\/schnelllosekupplungen\/#primaryimage\"},\"thumbnailUrl\":\"https:\/\/gwbdriveshaft.com\/wp-content\/uploads\/2019\/07\/230-1.png\",\"datePublished\":\"2019-07-11T13:50:45+00:00\",\"dateModified\":\"2020-07-21T12:59:58+00:00\",\"description\":\"Schnelll\u00f6sekupplungen - Das Schlie\u00dfen bzw. L\u00f6sen geschieht durch Bet\u00e4tigen der im Innenteil der Kupplung angeordneten Gewindespindel.\",\"breadcrumb\":{\"@id\":\"https:\/\/gwbdriveshaft.com\/de\/product\/schnelllosekupplungen\/#breadcrumb\"},\"inLanguage\":\"de\",\"potentialAction\":[{\"@type\":\"ReadAction\",\"target\":[\"https:\/\/gwbdriveshaft.com\/de\/product\/schnelllosekupplungen\/\"]}]},{\"@type\":\"ImageObject\",\"inLanguage\":\"de\",\"@id\":\"https:\/\/gwbdriveshaft.com\/de\/product\/schnelllosekupplungen\/#primaryimage\",\"url\":\"https:\/\/gwbdriveshaft.com\/wp-content\/uploads\/2019\/07\/230-1.png\",\"contentUrl\":\"https:\/\/gwbdriveshaft.com\/wp-content\/uploads\/2019\/07\/230-1.png\",\"width\":600,\"height\":600},{\"@type\":\"BreadcrumbList\",\"@id\":\"https:\/\/gwbdriveshaft.com\/de\/product\/schnelllosekupplungen\/#breadcrumb\",\"itemListElement\":[{\"@type\":\"ListItem\",\"position\":1,\"name\":\"Home\",\"item\":\"https:\/\/gwbdriveshaft.com\/de\/\"},{\"@type\":\"ListItem\",\"position\":2,\"name\":\"Schnelll\u00f6sekupplungen\"}]},{\"@type\":\"WebSite\",\"@id\":\"https:\/\/gwbdriveshaft.com\/#website\",\"url\":\"https:\/\/gwbdriveshaft.com\/\",\"name\":\"GWB\",\"description\":\"\",\"potentialAction\":[{\"@type\":\"SearchAction\",\"target\":{\"@type\":\"EntryPoint\",\"urlTemplate\":\"https:\/\/gwbdriveshaft.com\/?s={search_term_string}\"},\"query-input\":{\"@type\":\"PropertyValueSpecification\",\"valueRequired\":true,\"valueName\":\"search_term_string\"}}],\"inLanguage\":\"de\"}]}<\/script>\n<!-- \/ Yoast SEO plugin. -->","yoast_head_json":{"title":"Schnelll\u00f6sekupplungen | GWB Drive Shaft","description":"Schnelll\u00f6sekupplungen - Das Schlie\u00dfen bzw. L\u00f6sen geschieht durch Bet\u00e4tigen der im Innenteil der Kupplung angeordneten Gewindespindel.","robots":{"index":"index","follow":"follow","max-snippet":"max-snippet:-1","max-image-preview":"max-image-preview:large","max-video-preview":"max-video-preview:-1"},"canonical":"https:\/\/gwbdriveshaft.com\/de\/product\/schnelllosekupplungen\/","og_locale":"de_DE","og_type":"article","og_title":"Schnelll\u00f6sekupplungen | GWB Drive Shaft","og_description":"Schnelll\u00f6sekupplungen - Das Schlie\u00dfen bzw. L\u00f6sen geschieht durch Bet\u00e4tigen der im Innenteil der Kupplung angeordneten Gewindespindel.","og_url":"https:\/\/gwbdriveshaft.com\/de\/product\/schnelllosekupplungen\/","og_site_name":"GWB","article_modified_time":"2020-07-21T12:59:58+00:00","og_image":[{"width":600,"height":600,"url":"https:\/\/gwbdriveshaft.com\/wp-content\/uploads\/2019\/07\/230-1.png","type":"image\/png"}],"twitter_card":"summary_large_image","twitter_misc":{"Gesch\u00e4tzte Lesezeit":"1\u00a0Minute"},"schema":{"@context":"https:\/\/schema.org","@graph":[{"@type":"WebPage","@id":"https:\/\/gwbdriveshaft.com\/de\/product\/schnelllosekupplungen\/","url":"https:\/\/gwbdriveshaft.com\/de\/product\/schnelllosekupplungen\/","name":"Schnelll\u00f6sekupplungen | GWB Drive Shaft","isPartOf":{"@id":"https:\/\/gwbdriveshaft.com\/#website"},"primaryImageOfPage":{"@id":"https:\/\/gwbdriveshaft.com\/de\/product\/schnelllosekupplungen\/#primaryimage"},"image":{"@id":"https:\/\/gwbdriveshaft.com\/de\/product\/schnelllosekupplungen\/#primaryimage"},"thumbnailUrl":"https:\/\/gwbdriveshaft.com\/wp-content\/uploads\/2019\/07\/230-1.png","datePublished":"2019-07-11T13:50:45+00:00","dateModified":"2020-07-21T12:59:58+00:00","description":"Schnelll\u00f6sekupplungen - Das Schlie\u00dfen bzw. L\u00f6sen geschieht durch Bet\u00e4tigen der im Innenteil der Kupplung angeordneten Gewindespindel.","breadcrumb":{"@id":"https:\/\/gwbdriveshaft.com\/de\/product\/schnelllosekupplungen\/#breadcrumb"},"inLanguage":"de","potentialAction":[{"@type":"ReadAction","target":["https:\/\/gwbdriveshaft.com\/de\/product\/schnelllosekupplungen\/"]}]},{"@type":"ImageObject","inLanguage":"de","@id":"https:\/\/gwbdriveshaft.com\/de\/product\/schnelllosekupplungen\/#primaryimage","url":"https:\/\/gwbdriveshaft.com\/wp-content\/uploads\/2019\/07\/230-1.png","contentUrl":"https:\/\/gwbdriveshaft.com\/wp-content\/uploads\/2019\/07\/230-1.png","width":600,"height":600},{"@type":"BreadcrumbList","@id":"https:\/\/gwbdriveshaft.com\/de\/product\/schnelllosekupplungen\/#breadcrumb","itemListElement":[{"@type":"ListItem","position":1,"name":"Home","item":"https:\/\/gwbdriveshaft.com\/de\/"},{"@type":"ListItem","position":2,"name":"Schnelll\u00f6sekupplungen"}]},{"@type":"WebSite","@id":"https:\/\/gwbdriveshaft.com\/#website","url":"https:\/\/gwbdriveshaft.com\/","name":"GWB","description":"","potentialAction":[{"@type":"SearchAction","target":{"@type":"EntryPoint","urlTemplate":"https:\/\/gwbdriveshaft.com\/?s={search_term_string}"},"query-input":{"@type":"PropertyValueSpecification","valueRequired":true,"valueName":"search_term_string"}}],"inLanguage":"de"}]}},"_links":{"self":[{"href":"https:\/\/gwbdriveshaft.com\/de\/wp-json\/wp\/v2\/product\/175","targetHints":{"allow":["GET"]}}],"collection":[{"href":"https:\/\/gwbdriveshaft.com\/de\/wp-json\/wp\/v2\/product"}],"about":[{"href":"https:\/\/gwbdriveshaft.com\/de\/wp-json\/wp\/v2\/types\/product"}],"author":[{"embeddable":true,"href":"https:\/\/gwbdriveshaft.com\/de\/wp-json\/wp\/v2\/users\/1"}],"wp:featuredmedia":[{"embeddable":true,"href":"https:\/\/gwbdriveshaft.com\/de\/wp-json\/wp\/v2\/media\/591"}],"wp:attachment":[{"href":"https:\/\/gwbdriveshaft.com\/de\/wp-json\/wp\/v2\/media?parent=175"}],"wp:term":[{"taxonomy":"products_family","embeddable":true,"href":"https:\/\/gwbdriveshaft.com\/de\/wp-json\/wp\/v2\/products_family?post=175"}],"curies":[{"name":"wp","href":"https:\/\/api.w.org\/{rel}","templated":true}]}}