{"id":692,"date":"2019-07-16T15:15:10","date_gmt":"2019-07-16T15:15:10","guid":{"rendered":"https:\/\/gwbdriveshaft.com\/service\/"},"modified":"2026-01-15T17:03:17","modified_gmt":"2026-01-15T17:03:17","slug":"service","status":"publish","type":"page","link":"https:\/\/gwbdriveshaft.com\/de\/service\/","title":{"rendered":"Service"},"content":{"rendered":"\n<div class=\"wp-block-themepunch-revslider revslider\" data-slidertitle=\"Service\" style=\"\">\n\t\t\t<!-- START Service REVOLUTION SLIDER 6.7.40 --><p class=\"rs-p-wp-fix\"><\/p>\n\t\t\t<rs-module-wrap id=\"rev_slider_5_1_wrapper\" data-source=\"gallery\" style=\"visibility:hidden;background:transparent;padding:0;margin:0px auto;margin-top:0;margin-bottom:0;\">\n\t\t\t\t<rs-module id=\"rev_slider_5_1\" style=\"\" data-version=\"6.7.40\">\n\t\t\t\t\t<rs-slides style=\"overflow: hidden; position: absolute;\">\n\t\t\t\t\t\t<rs-slide style=\"position: absolute;\" data-key=\"rs-13\" data-title=\"Slide\" data-anim=\"adpr:false;\">\n\t\t\t\t\t\t\t<img decoding=\"async\" src=\"\/\/gwbdriveshaft.com\/wp-content\/plugins\/revslider\/sr6\/assets\/assets\/dummy.png\" alt=\"\" title=\"Service\" class=\"rev-slidebg tp-rs-img rs-lazyload\" data-lazyload=\"\/\/gwbdriveshaft.com\/wp-content\/uploads\/2019\/07\/service-header.jpg\" data-no-retina>\n<!---->\t\t\t\t\t<\/rs-slide>\n\t\t\t\t\t<\/rs-slides>\n\t\t\t\t<\/rs-module>\n\t\t\t\t<script>\n\t\t\t\t\tsetREVStartSize({c: 'rev_slider_5_1',rl:[1240,1024,768,480],el:[],gw:[1240],gh:[345],type:'standard',justify:'',layout:'fullwidth',mh:\"0\"});if (window.RS_MODULES!==undefined && window.RS_MODULES.modules!==undefined && window.RS_MODULES.modules[\"revslider51\"]!==undefined) {window.RS_MODULES.modules[\"revslider51\"].once = false;window.revapi5 = undefined;if (window.RS_MODULES.checkMinimal!==undefined) window.RS_MODULES.checkMinimal()}\n\t\t\t\t<\/script>\n\t\t\t<\/rs-module-wrap>\n\t\t\t<!-- END REVOLUTION SLIDER -->\n<\/div>\n\n\n<style>.kb-row-layout-id692_5d8122-b1 > .kt-row-column-wrap{align-content:start;}:where(.kb-row-layout-id692_5d8122-b1 > .kt-row-column-wrap) > .wp-block-kadence-column{justify-content:start;}.kb-row-layout-id692_5d8122-b1 > .kt-row-column-wrap{column-gap:var(--global-kb-gap-md, 2rem);row-gap:var(--global-kb-gap-md, 2rem);padding-top:var(--global-kb-spacing-sm, 1.5rem);padding-bottom:var(--global-kb-spacing-sm, 1.5rem);grid-template-columns:minmax(0, 1fr);}.kb-row-layout-id692_5d8122-b1 > .kt-row-layout-overlay{opacity:0.30;}@media all and (max-width: 1024px){.kb-row-layout-id692_5d8122-b1 > .kt-row-column-wrap{grid-template-columns:minmax(0, 1fr);}}@media all and (max-width: 767px){.kb-row-layout-id692_5d8122-b1 > .kt-row-column-wrap{grid-template-columns:minmax(0, 1fr);}}<\/style><div class=\"kb-row-layout-wrap kb-row-layout-id692_5d8122-b1 alignnone wp-block-kadence-rowlayout\"><div class=\"kt-row-column-wrap kt-has-1-columns kt-row-layout-equal kt-tab-layout-inherit kt-mobile-layout-row kt-row-valign-top\">\n<style>.kadence-column692_fe528c-96 > .kt-inside-inner-col,.kadence-column692_fe528c-96 > .kt-inside-inner-col:before{border-top-left-radius:0px;border-top-right-radius:0px;border-bottom-right-radius:0px;border-bottom-left-radius:0px;}.kadence-column692_fe528c-96 > .kt-inside-inner-col{column-gap:var(--global-kb-gap-sm, 1rem);}.kadence-column692_fe528c-96 > .kt-inside-inner-col{flex-direction:column;}.kadence-column692_fe528c-96 > .kt-inside-inner-col > .aligncenter{width:100%;}.kadence-column692_fe528c-96 > .kt-inside-inner-col:before{opacity:0.3;}.kadence-column692_fe528c-96{position:relative;}@media all and (max-width: 1024px){.kadence-column692_fe528c-96 > .kt-inside-inner-col{flex-direction:column;justify-content:center;}}@media all and (max-width: 767px){.kadence-column692_fe528c-96 > .kt-inside-inner-col{flex-direction:column;justify-content:center;}}<\/style>\n<div class=\"wp-block-kadence-column kadence-column692_fe528c-96 inner-column-1\"><div class=\"kt-inside-inner-col\">\n<p class=\"has-text-align-center containerS\"><strong>Wir sind in der Lage, alle Wartungsanforderungen und die \u00dcberholung von GWB\u2122-Antriebswellen zu erf\u00fcllen und sind ein zuverl\u00e4ssiger und kompetenter Partner.<\/strong><br> Gelenkwellen aller Baureihen bis zu einem Anschlussflanschdurchmesser von 1.500&nbsp;mm warten und reparieren wir gern in unserem Werk, allerdings lassen sich die wartungsfreundlichen GWB\u2122-Produkte auch vor Ort inspizieren.<\/p>\n\n\n\n<div style=\"height:26px\" aria-hidden=\"true\" class=\"wp-block-spacer\"><\/div>\n\n\n<div class=\"wp-block-image is-resized\">\n<figure class=\"aligncenter\"><img loading=\"lazy\" decoding=\"async\" width=\"1024\" height=\"315\" src=\"https:\/\/gwbdriveshaft.com\/wp-content\/uploads\/2019\/07\/Repeat-Grid-53-1024x315.jpg\" alt=\"\" class=\"wp-image-531\" srcset=\"https:\/\/gwbdriveshaft.com\/wp-content\/uploads\/2019\/07\/Repeat-Grid-53-1024x315.jpg 1024w, https:\/\/gwbdriveshaft.com\/wp-content\/uploads\/2019\/07\/Repeat-Grid-53-300x92.jpg 300w, https:\/\/gwbdriveshaft.com\/wp-content\/uploads\/2019\/07\/Repeat-Grid-53-768x236.jpg 768w, https:\/\/gwbdriveshaft.com\/wp-content\/uploads\/2019\/07\/Repeat-Grid-53-510x157.jpg 510w, https:\/\/gwbdriveshaft.com\/wp-content\/uploads\/2019\/07\/Repeat-Grid-53-690x212.jpg 690w, https:\/\/gwbdriveshaft.com\/wp-content\/uploads\/2019\/07\/Repeat-Grid-53-930x286.jpg 930w, https:\/\/gwbdriveshaft.com\/wp-content\/uploads\/2019\/07\/Repeat-Grid-53.jpg 1087w\" sizes=\"auto, (max-width: 1024px) 100vw, 1024px\" \/><\/figure>\n<\/div>\n\n\n<div style=\"height:26px\" aria-hidden=\"true\" class=\"wp-block-spacer\"><\/div>\n\n\n\n<p><\/p>\n<\/div><\/div>\n\n<\/div><\/div>\n\n<style>.kb-row-layout-id692_ad36b6-dc > .kt-row-column-wrap{align-content:start;}:where(.kb-row-layout-id692_ad36b6-dc > .kt-row-column-wrap) > .wp-block-kadence-column{justify-content:start;}.kb-row-layout-id692_ad36b6-dc > .kt-row-column-wrap{column-gap:var(--global-kb-gap-md, 2rem);row-gap:var(--global-kb-gap-md, 2rem);padding-top:var(--global-kb-spacing-sm, 1.5rem);padding-bottom:var(--global-kb-spacing-sm, 1.5rem);grid-template-columns:minmax(0, 2fr) minmax(0, 1fr);}.kb-row-layout-id692_ad36b6-dc > .kt-row-layout-overlay{opacity:0.30;}@media all and (max-width: 1024px){.kb-row-layout-id692_ad36b6-dc > .kt-row-column-wrap{grid-template-columns:minmax(0, 2fr) minmax(0, 1fr);}}@media all and (max-width: 767px){.kb-row-layout-id692_ad36b6-dc > .kt-row-column-wrap{grid-template-columns:minmax(0, 1fr);}}<\/style><div class=\"kb-row-layout-wrap kb-row-layout-id692_ad36b6-dc alignnone containerS wp-block-kadence-rowlayout\"><div class=\"kt-row-column-wrap kt-has-2-columns kt-row-layout-left-golden kt-tab-layout-inherit kt-mobile-layout-row kt-row-valign-top\">\n<style>.kadence-column692_ac5d5e-0b > .kt-inside-inner-col,.kadence-column692_ac5d5e-0b > .kt-inside-inner-col:before{border-top-left-radius:0px;border-top-right-radius:0px;border-bottom-right-radius:0px;border-bottom-left-radius:0px;}.kadence-column692_ac5d5e-0b > .kt-inside-inner-col{column-gap:var(--global-kb-gap-sm, 1rem);}.kadence-column692_ac5d5e-0b > .kt-inside-inner-col{flex-direction:column;}.kadence-column692_ac5d5e-0b > .kt-inside-inner-col > .aligncenter{width:100%;}.kadence-column692_ac5d5e-0b > .kt-inside-inner-col:before{opacity:0.3;}.kadence-column692_ac5d5e-0b{position:relative;}@media all and (max-width: 1024px){.kadence-column692_ac5d5e-0b > .kt-inside-inner-col{flex-direction:column;justify-content:center;}}@media all and (max-width: 767px){.kadence-column692_ac5d5e-0b > .kt-inside-inner-col{flex-direction:column;justify-content:center;}}<\/style>\n<div class=\"wp-block-kadence-column kadence-column692_ac5d5e-0b inner-column-1\"><div class=\"kt-inside-inner-col\">\n<p>Voll qualifiziertes und sehr erfahrenes Servicepersonal steht Ihnen f\u00fcr alle Bed\u00fcrfnisse zur Verf\u00fcgung. Unser Angebot umfasst:<\/p>\n\n\n\n<ul class=\"wp-block-list\">\n<li>Auswuchten nach Kundenwunsch<\/li>\n\n\n\n<li>Demontage und Inspektion<\/li>\n\n\n\n<li>Komponentenvermessung<\/li>\n\n\n\n<li>Inspektionsbericht (auf Wunsch mit Fotodokumentation)<\/li>\n\n\n\n<li>Montage von GWB\u2122 &#8211; Originalersatzteilen<\/li>\n\n\n\n<li>R\u00f6ntgen &#8211; oder Ultraschallpr\u00fcfung von Schwei\u00dfn\u00e4hten<\/li>\n\n\n\n<li>Mechanische Nachbearbeitung und Anpassung von Komponenten<\/li>\n\n\n\n<li>Vor-Ort-Wartung (Montage und Inspektion, Austausch von Komponenten)<\/li>\n\n\n\n<li>Wartung des L\u00e4ngenausgleichs<\/li>\n\n\n\n<li>Konstruktionen f\u00fcr die Modifikation und\/oder General\u00fcberholung mechanischer Antriebe<\/li>\n\n\n\n<li>Erstellung von Pr\u00fcfbescheinigungen gem\u00e4\u00df DIN&nbsp;EN&nbsp;10204<\/li>\n\n\n\n<li>Produktionsprozesse und &#8211; maschinen<\/li>\n\n\n\n<li>Montagekr\u00e4ne mit Pressen<\/li>\n\n\n\n<li>Unterpulver &#8211; Schwei\u00dfmaschinen<\/li>\n\n\n\n<li>Auswuchtmaschine<\/li>\n\n\n\n<li>Lackierbereich<\/li>\n\n\n\n<li>Maschinen f\u00fcr das Abstimmen, (L\u00e4ngsverzahnungs-)Bohren, Fr\u00e4sen und Schleifen<\/li>\n\n\n\n<li> Oberfl\u00e4chenbehandlung bei Ersatzteilen (Chrom, Nickel, Gasnitration, Phosphat, Kunststoff\u00fcberzug) <\/li>\n<\/ul>\n<\/div><\/div>\n\n\n<style>.kadence-column692_a735d2-13 > .kt-inside-inner-col,.kadence-column692_a735d2-13 > .kt-inside-inner-col:before{border-top-left-radius:0px;border-top-right-radius:0px;border-bottom-right-radius:0px;border-bottom-left-radius:0px;}.kadence-column692_a735d2-13 > .kt-inside-inner-col{column-gap:var(--global-kb-gap-sm, 1rem);}.kadence-column692_a735d2-13 > .kt-inside-inner-col{flex-direction:column;}.kadence-column692_a735d2-13 > .kt-inside-inner-col > .aligncenter{width:100%;}.kadence-column692_a735d2-13 > .kt-inside-inner-col:before{opacity:0.3;}.kadence-column692_a735d2-13{position:relative;}@media all and (max-width: 1024px){.kadence-column692_a735d2-13 > .kt-inside-inner-col{flex-direction:column;justify-content:center;}}@media all and (max-width: 767px){.kadence-column692_a735d2-13 > .kt-inside-inner-col{flex-direction:column;justify-content:center;}}<\/style>\n<div class=\"wp-block-kadence-column kadence-column692_a735d2-13 inner-column-2\"><div class=\"kt-inside-inner-col\"><div class=\"wp-block-image\">\n<figure class=\"alignright is-resized\"><img loading=\"lazy\" decoding=\"async\" width=\"260\" height=\"496\" src=\"https:\/\/gwbdriveshaft.com\/wp-content\/uploads\/2019\/07\/Repeat-Grid-54.jpg\" alt=\"\" class=\"wp-image-535\" style=\"width:260px;height:496px\" srcset=\"https:\/\/gwbdriveshaft.com\/wp-content\/uploads\/2019\/07\/Repeat-Grid-54.jpg 260w, https:\/\/gwbdriveshaft.com\/wp-content\/uploads\/2019\/07\/Repeat-Grid-54-157x300.jpg 157w\" sizes=\"auto, (max-width: 260px) 100vw, 260px\" \/><\/figure>\n<\/div><\/div><\/div>\n\n<\/div><\/div>\n\n<style>.kb-row-layout-id692_420203-be > .kt-row-column-wrap{align-content:start;}:where(.kb-row-layout-id692_420203-be > .kt-row-column-wrap) > .wp-block-kadence-column{justify-content:start;}.kb-row-layout-id692_420203-be > .kt-row-column-wrap{column-gap:var(--global-kb-gap-md, 2rem);row-gap:var(--global-kb-gap-md, 2rem);padding-top:var(--global-kb-spacing-sm, 1.5rem);padding-bottom:var(--global-kb-spacing-sm, 1.5rem);grid-template-columns:minmax(0, 1fr);}.kb-row-layout-id692_420203-be > .kt-row-layout-overlay{opacity:0.30;}@media all and (max-width: 1024px){.kb-row-layout-id692_420203-be > .kt-row-column-wrap{grid-template-columns:minmax(0, 1fr);}}@media all and (max-width: 767px){.kb-row-layout-id692_420203-be > .kt-row-column-wrap{grid-template-columns:minmax(0, 1fr);}}<\/style><div class=\"kb-row-layout-wrap kb-row-layout-id692_420203-be alignnone bg-grey wp-block-kadence-rowlayout\"><div class=\"kt-row-column-wrap kt-has-1-columns kt-row-layout-equal kt-tab-layout-inherit kt-mobile-layout-row kt-row-valign-top\">\n<style>.kadence-column692_b5822f-ff > .kt-inside-inner-col,.kadence-column692_b5822f-ff > .kt-inside-inner-col:before{border-top-left-radius:0px;border-top-right-radius:0px;border-bottom-right-radius:0px;border-bottom-left-radius:0px;}.kadence-column692_b5822f-ff > .kt-inside-inner-col{column-gap:var(--global-kb-gap-sm, 1rem);}.kadence-column692_b5822f-ff > .kt-inside-inner-col{flex-direction:column;}.kadence-column692_b5822f-ff > .kt-inside-inner-col > .aligncenter{width:100%;}.kadence-column692_b5822f-ff > .kt-inside-inner-col:before{opacity:0.3;}.kadence-column692_b5822f-ff{position:relative;}@media all and (max-width: 1024px){.kadence-column692_b5822f-ff > .kt-inside-inner-col{flex-direction:column;justify-content:center;}}@media all and (max-width: 767px){.kadence-column692_b5822f-ff > .kt-inside-inner-col{flex-direction:column;justify-content:center;}}<\/style>\n<div class=\"wp-block-kadence-column kadence-column692_b5822f-ff inner-column-1\"><div class=\"kt-inside-inner-col\">\n<p class=\"has-text-align-center\"><strong>Kundenservice &#8211; Netzwerk<\/strong><\/p>\n\n\n<style>.kb-row-layout-id692_79df75-de > .kt-row-column-wrap{align-content:start;}:where(.kb-row-layout-id692_79df75-de > .kt-row-column-wrap) > .wp-block-kadence-column{justify-content:start;}.kb-row-layout-id692_79df75-de > .kt-row-column-wrap{column-gap:var(--global-kb-gap-md, 2rem);row-gap:var(--global-kb-gap-md, 2rem);padding-bottom:var(--global-kb-spacing-sm, 1.5rem);grid-template-columns:minmax(0, 1fr);}.kb-row-layout-id692_79df75-de > .kt-row-layout-overlay{opacity:0.30;}@media all and (max-width: 1024px){.kb-row-layout-id692_79df75-de > .kt-row-column-wrap{grid-template-columns:minmax(0, 1fr);}}@media all and (max-width: 767px){.kb-row-layout-id692_79df75-de > .kt-row-column-wrap{grid-template-columns:minmax(0, 1fr);}}<\/style><div class=\"kb-row-layout-wrap kb-row-layout-id692_79df75-de alignnone container wp-block-kadence-rowlayout\"><div class=\"kt-row-column-wrap kt-has-1-columns kt-row-layout-equal kt-tab-layout-inherit kt-mobile-layout-row kt-row-valign-top\">\n<style>.kadence-column692_3fc4d5-8f > .kt-inside-inner-col,.kadence-column692_3fc4d5-8f > .kt-inside-inner-col:before{border-top-left-radius:0px;border-top-right-radius:0px;border-bottom-right-radius:0px;border-bottom-left-radius:0px;}.kadence-column692_3fc4d5-8f > .kt-inside-inner-col{column-gap:var(--global-kb-gap-sm, 1rem);}.kadence-column692_3fc4d5-8f > .kt-inside-inner-col{flex-direction:column;}.kadence-column692_3fc4d5-8f > .kt-inside-inner-col > .aligncenter{width:100%;}.kadence-column692_3fc4d5-8f > .kt-inside-inner-col:before{opacity:0.3;}.kadence-column692_3fc4d5-8f{position:relative;}@media all and (max-width: 1024px){.kadence-column692_3fc4d5-8f > .kt-inside-inner-col{flex-direction:column;justify-content:center;}}@media all and (max-width: 767px){.kadence-column692_3fc4d5-8f > .kt-inside-inner-col{flex-direction:column;justify-content:center;}}<\/style>\n<div class=\"wp-block-kadence-column kadence-column692_3fc4d5-8f inner-column-1\"><div class=\"kt-inside-inner-col\">\n<p class=\"has-text-align-center\"><strong>Anschrift, Telefonnummer und E-Mail-Adresse:<\/strong><br><br>Niederlassung: 2. Schnieringstra\u00dfe 49 \u2013 45329 Essen \/ Germany<br> Telefonnummer:  +49 201 8124 0<\/p>\n\n\n\n<p class=\"has-text-align-center\">Phone (Sales department): +49 201 8124201<br>E-mail Adresse: <a href=\"mailto:sales.gwbdriveshaft@alsn.com\">sales.gwbdriveshaft@alsn.com<\/a><\/p>\n<\/div><\/div>\n\n<\/div><\/div><\/div><\/div>\n\n<\/div><\/div>","protected":false},"excerpt":{"rendered":"<p>Wir sind in der Lage, alle Wartungsanforderungen und die \u00dcberholung von GWB\u2122-Antriebswellen zu erf\u00fcllen und sind ein zuverl\u00e4ssiger [&hellip;]<\/p>\n","protected":false},"author":1,"featured_media":0,"parent":0,"menu_order":0,"comment_status":"closed","ping_status":"closed","template":"","meta":{"_acf_changed":false,"footnotes":""},"class_list":["post-692","page","type-page","status-publish","hentry"],"acf":[],"yoast_head":"<!-- This site is optimized with the Yoast SEO plugin v26.6 - https:\/\/yoast.com\/wordpress\/plugins\/seo\/ -->\n<title>Service | GWB Drive Shaft<\/title>\n<meta name=\"description\" content=\"Dana bestens aufgestellt um alle Anforderungen rund um die Wartung und General\u00fcberholung von GWB\u2122-Gelenkwellen zu erf\u00fcllen.\" \/>\n<meta name=\"robots\" content=\"index, follow, max-snippet:-1, max-image-preview:large, max-video-preview:-1\" \/>\n<link rel=\"canonical\" href=\"https:\/\/gwbdriveshaft.com\/de\/service\/\" \/>\n<meta property=\"og:locale\" content=\"de_DE\" \/>\n<meta property=\"og:type\" content=\"article\" \/>\n<meta property=\"og:title\" content=\"Service | GWB Drive Shaft\" \/>\n<meta property=\"og:description\" content=\"Dana bestens aufgestellt um alle Anforderungen rund um die Wartung und General\u00fcberholung von GWB\u2122-Gelenkwellen zu erf\u00fcllen.\" \/>\n<meta property=\"og:url\" content=\"https:\/\/gwbdriveshaft.com\/de\/service\/\" \/>\n<meta property=\"og:site_name\" content=\"GWB\" \/>\n<meta property=\"article:modified_time\" content=\"2026-01-15T17:03:17+00:00\" \/>\n<meta property=\"og:image\" content=\"https:\/\/gwbdriveshaft.com\/wp-content\/uploads\/2019\/07\/Repeat-Grid-53.jpg\" \/>\n\t<meta property=\"og:image:width\" content=\"1087\" \/>\n\t<meta property=\"og:image:height\" content=\"334\" \/>\n\t<meta property=\"og:image:type\" content=\"image\/jpeg\" \/>\n<meta name=\"twitter:card\" content=\"summary_large_image\" \/>\n<meta name=\"twitter:label1\" content=\"Gesch\u00e4tzte Lesezeit\" \/>\n\t<meta name=\"twitter:data1\" content=\"2\u00a0Minuten\" \/>\n<script type=\"application\/ld+json\" class=\"yoast-schema-graph\">{\"@context\":\"https:\/\/schema.org\",\"@graph\":[{\"@type\":\"WebPage\",\"@id\":\"https:\/\/gwbdriveshaft.com\/de\/service\/\",\"url\":\"https:\/\/gwbdriveshaft.com\/de\/service\/\",\"name\":\"Service | GWB Drive Shaft\",\"isPartOf\":{\"@id\":\"https:\/\/gwbdriveshaft.com\/#website\"},\"primaryImageOfPage\":{\"@id\":\"https:\/\/gwbdriveshaft.com\/de\/service\/#primaryimage\"},\"image\":{\"@id\":\"https:\/\/gwbdriveshaft.com\/de\/service\/#primaryimage\"},\"thumbnailUrl\":\"https:\/\/gwbdriveshaft.com\/wp-content\/uploads\/2019\/07\/Repeat-Grid-53-1024x315.jpg\",\"datePublished\":\"2019-07-16T15:15:10+00:00\",\"dateModified\":\"2026-01-15T17:03:17+00:00\",\"description\":\"Dana bestens aufgestellt um alle Anforderungen rund um die Wartung und General\u00fcberholung von GWB\u2122-Gelenkwellen zu erf\u00fcllen.\",\"breadcrumb\":{\"@id\":\"https:\/\/gwbdriveshaft.com\/de\/service\/#breadcrumb\"},\"inLanguage\":\"de\",\"potentialAction\":[{\"@type\":\"ReadAction\",\"target\":[\"https:\/\/gwbdriveshaft.com\/de\/service\/\"]}]},{\"@type\":\"ImageObject\",\"inLanguage\":\"de\",\"@id\":\"https:\/\/gwbdriveshaft.com\/de\/service\/#primaryimage\",\"url\":\"https:\/\/gwbdriveshaft.com\/wp-content\/uploads\/2019\/07\/Repeat-Grid-53-1024x315.jpg\",\"contentUrl\":\"https:\/\/gwbdriveshaft.com\/wp-content\/uploads\/2019\/07\/Repeat-Grid-53-1024x315.jpg\"},{\"@type\":\"BreadcrumbList\",\"@id\":\"https:\/\/gwbdriveshaft.com\/de\/service\/#breadcrumb\",\"itemListElement\":[{\"@type\":\"ListItem\",\"position\":1,\"name\":\"Home\",\"item\":\"https:\/\/gwbdriveshaft.com\/de\/\"},{\"@type\":\"ListItem\",\"position\":2,\"name\":\"Service\"}]},{\"@type\":\"WebSite\",\"@id\":\"https:\/\/gwbdriveshaft.com\/#website\",\"url\":\"https:\/\/gwbdriveshaft.com\/\",\"name\":\"GWB\",\"description\":\"\",\"potentialAction\":[{\"@type\":\"SearchAction\",\"target\":{\"@type\":\"EntryPoint\",\"urlTemplate\":\"https:\/\/gwbdriveshaft.com\/?s={search_term_string}\"},\"query-input\":{\"@type\":\"PropertyValueSpecification\",\"valueRequired\":true,\"valueName\":\"search_term_string\"}}],\"inLanguage\":\"de\"}]}<\/script>\n<!-- \/ Yoast SEO plugin. -->","yoast_head_json":{"title":"Service | GWB Drive Shaft","description":"Dana bestens aufgestellt um alle Anforderungen rund um die Wartung und General\u00fcberholung von GWB\u2122-Gelenkwellen zu erf\u00fcllen.","robots":{"index":"index","follow":"follow","max-snippet":"max-snippet:-1","max-image-preview":"max-image-preview:large","max-video-preview":"max-video-preview:-1"},"canonical":"https:\/\/gwbdriveshaft.com\/de\/service\/","og_locale":"de_DE","og_type":"article","og_title":"Service | GWB Drive Shaft","og_description":"Dana bestens aufgestellt um alle Anforderungen rund um die Wartung und General\u00fcberholung von GWB\u2122-Gelenkwellen zu erf\u00fcllen.","og_url":"https:\/\/gwbdriveshaft.com\/de\/service\/","og_site_name":"GWB","article_modified_time":"2026-01-15T17:03:17+00:00","og_image":[{"width":1087,"height":334,"url":"https:\/\/gwbdriveshaft.com\/wp-content\/uploads\/2019\/07\/Repeat-Grid-53.jpg","type":"image\/jpeg"}],"twitter_card":"summary_large_image","twitter_misc":{"Gesch\u00e4tzte Lesezeit":"2\u00a0Minuten"},"schema":{"@context":"https:\/\/schema.org","@graph":[{"@type":"WebPage","@id":"https:\/\/gwbdriveshaft.com\/de\/service\/","url":"https:\/\/gwbdriveshaft.com\/de\/service\/","name":"Service | GWB Drive Shaft","isPartOf":{"@id":"https:\/\/gwbdriveshaft.com\/#website"},"primaryImageOfPage":{"@id":"https:\/\/gwbdriveshaft.com\/de\/service\/#primaryimage"},"image":{"@id":"https:\/\/gwbdriveshaft.com\/de\/service\/#primaryimage"},"thumbnailUrl":"https:\/\/gwbdriveshaft.com\/wp-content\/uploads\/2019\/07\/Repeat-Grid-53-1024x315.jpg","datePublished":"2019-07-16T15:15:10+00:00","dateModified":"2026-01-15T17:03:17+00:00","description":"Dana bestens aufgestellt um alle Anforderungen rund um die Wartung und General\u00fcberholung von GWB\u2122-Gelenkwellen zu erf\u00fcllen.","breadcrumb":{"@id":"https:\/\/gwbdriveshaft.com\/de\/service\/#breadcrumb"},"inLanguage":"de","potentialAction":[{"@type":"ReadAction","target":["https:\/\/gwbdriveshaft.com\/de\/service\/"]}]},{"@type":"ImageObject","inLanguage":"de","@id":"https:\/\/gwbdriveshaft.com\/de\/service\/#primaryimage","url":"https:\/\/gwbdriveshaft.com\/wp-content\/uploads\/2019\/07\/Repeat-Grid-53-1024x315.jpg","contentUrl":"https:\/\/gwbdriveshaft.com\/wp-content\/uploads\/2019\/07\/Repeat-Grid-53-1024x315.jpg"},{"@type":"BreadcrumbList","@id":"https:\/\/gwbdriveshaft.com\/de\/service\/#breadcrumb","itemListElement":[{"@type":"ListItem","position":1,"name":"Home","item":"https:\/\/gwbdriveshaft.com\/de\/"},{"@type":"ListItem","position":2,"name":"Service"}]},{"@type":"WebSite","@id":"https:\/\/gwbdriveshaft.com\/#website","url":"https:\/\/gwbdriveshaft.com\/","name":"GWB","description":"","potentialAction":[{"@type":"SearchAction","target":{"@type":"EntryPoint","urlTemplate":"https:\/\/gwbdriveshaft.com\/?s={search_term_string}"},"query-input":{"@type":"PropertyValueSpecification","valueRequired":true,"valueName":"search_term_string"}}],"inLanguage":"de"}]}},"_links":{"self":[{"href":"https:\/\/gwbdriveshaft.com\/de\/wp-json\/wp\/v2\/pages\/692","targetHints":{"allow":["GET"]}}],"collection":[{"href":"https:\/\/gwbdriveshaft.com\/de\/wp-json\/wp\/v2\/pages"}],"about":[{"href":"https:\/\/gwbdriveshaft.com\/de\/wp-json\/wp\/v2\/types\/page"}],"author":[{"embeddable":true,"href":"https:\/\/gwbdriveshaft.com\/de\/wp-json\/wp\/v2\/users\/1"}],"replies":[{"embeddable":true,"href":"https:\/\/gwbdriveshaft.com\/de\/wp-json\/wp\/v2\/comments?post=692"}],"version-history":[{"count":26,"href":"https:\/\/gwbdriveshaft.com\/de\/wp-json\/wp\/v2\/pages\/692\/revisions"}],"predecessor-version":[{"id":1418,"href":"https:\/\/gwbdriveshaft.com\/de\/wp-json\/wp\/v2\/pages\/692\/revisions\/1418"}],"wp:attachment":[{"href":"https:\/\/gwbdriveshaft.com\/de\/wp-json\/wp\/v2\/media?parent=692"}],"curies":[{"name":"wp","href":"https:\/\/api.w.org\/{rel}","templated":true}]}}